{"id":200,"date":"2020-03-09T08:06:21","date_gmt":"2020-03-09T08:06:21","guid":{"rendered":"http:\/\/docbb.de\/?page_id=200"},"modified":"2026-02-02T15:59:20","modified_gmt":"2026-02-02T14:59:20","slug":"ueber-mich","status":"publish","type":"page","link":"https:\/\/docbb.de\/en\/ueber-mich\/","title":{"rendered":"About me"},"content":{"rendered":"<div class=\"shariff shariff-align-flex-start shariff-widget-align-flex-start\" style=\"display:none\" data-services=\"facebook\" data-url=\"https%3A%2F%2Fdocbb.de%2Fen%2Fueber-mich%2F\" data-timestamp=\"1770047960\" data-backendurl=\"https:\/\/docbb.de\/en\/wp-json\/shariff\/v1\/share_counts?\"><ul class=\"shariff-buttons theme-round orientation-horizontal buttonsize-small\"><li class=\"shariff-button printer shariff-nocustomcolor\" style=\"background-color:#a8a8a8;border-radius:1%\"><a href=\"javascript:window.print()\" title=\"print\" aria-label=\"print\" role=\"button\" rel=\"noopener nofollow\" class=\"shariff-link\" style=\";border-radius:1%; background-color:#999; color:#fff\"><span class=\"shariff-icon\" style=\"\"><svg width=\"32px\" height=\"20px\" xmlns=\"http:\/\/www.w3.org\/2000\/svg\" viewbox=\"0 0 30 32\"><path fill=\"#999\" d=\"M6.8 27.4h16v-4.6h-16v4.6zM6.8 16h16v-6.8h-2.8q-0.7 0-1.2-0.5t-0.5-1.2v-2.8h-11.4v11.4zM27.4 17.2q0-0.5-0.3-0.8t-0.8-0.4-0.8 0.4-0.3 0.8 0.3 0.8 0.8 0.3 0.8-0.3 0.3-0.8zM29.7 17.2v7.4q0 0.2-0.2 0.4t-0.4 0.2h-4v2.8q0 0.7-0.5 1.2t-1.2 0.5h-17.2q-0.7 0-1.2-0.5t-0.5-1.2v-2.8h-4q-0.2 0-0.4-0.2t-0.2-0.4v-7.4q0-1.4 1-2.4t2.4-1h1.2v-9.7q0-0.7 0.5-1.2t1.2-0.5h12q0.7 0 1.6 0.4t1.3 0.8l2.7 2.7q0.5 0.5 0.9 1.4t0.4 1.6v4.6h1.1q1.4 0 2.4 1t1 2.4z\"\/><\/svg><\/span><\/a><\/li><li class=\"shariff-button facebook shariff-nocustomcolor\" style=\"background-color:#4273c8;border-radius:1%\"><a href=\"https:\/\/www.facebook.com\/sharer\/sharer.php?u=https%3A%2F%2Fdocbb.de%2Fen%2Fueber-mich%2F\" title=\"Share on Facebook\" aria-label=\"Share on Facebook\" role=\"button\" rel=\"nofollow\" class=\"shariff-link\" style=\";border-radius:1%; background-color:#3b5998; color:#fff\" target=\"_blank\"><span class=\"shariff-icon\" style=\"\"><svg width=\"32px\" height=\"20px\" xmlns=\"http:\/\/www.w3.org\/2000\/svg\" viewbox=\"0 0 18 32\"><path fill=\"#3b5998\" d=\"M17.1 0.2v4.7h-2.8q-1.5 0-2.1 0.6t-0.5 1.9v3.4h5.2l-0.7 5.3h-4.5v13.6h-5.5v-13.6h-4.5v-5.3h4.5v-3.9q0-3.3 1.9-5.2t5-1.8q2.6 0 4.1 0.2z\"\/><\/svg><\/span><\/a><\/li><li class=\"shariff-button twitter shariff-nocustomcolor\" style=\"background-color:#595959;border-radius:1%\"><a href=\"https:\/\/twitter.com\/share?url=https%3A%2F%2Fdocbb.de%2Fen%2Fueber-mich%2F&text=%C3%9Cber%20mich\" title=\"Share at X\" aria-label=\"Share at X\" role=\"button\" rel=\"noopener nofollow\" class=\"shariff-link\" style=\";border-radius:1%; background-color:#000; color:#fff\" target=\"_blank\"><span class=\"shariff-icon\" style=\"\"><svg width=\"32px\" height=\"20px\" xmlns=\"http:\/\/www.w3.org\/2000\/svg\" viewbox=\"0 0 24 24\"><path fill=\"#000\" d=\"M14.258 10.152L23.176 0h-2.113l-7.747 8.813L7.133 0H0l9.352 13.328L0 23.973h2.113l8.176-9.309 6.531 9.309h7.133zm-2.895 3.293l-.949-1.328L2.875 1.56h3.246l6.086 8.523.945 1.328 7.91 11.078h-3.246zm0 0\"\/><\/svg><\/span><\/a><\/li><li class=\"shariff-button linkedin shariff-nocustomcolor\" style=\"background-color:#1488bf;border-radius:1%\"><a href=\"https:\/\/www.linkedin.com\/sharing\/share-offsite\/?url=https%3A%2F%2Fdocbb.de%2Fen%2Fueber-mich%2F\" title=\"Share on LinkedIn\" aria-label=\"Share on LinkedIn\" role=\"button\" rel=\"noopener nofollow\" class=\"shariff-link\" style=\";border-radius:1%; background-color:#0077b5; color:#fff\" target=\"_blank\"><span class=\"shariff-icon\" style=\"\"><svg width=\"32px\" height=\"20px\" xmlns=\"http:\/\/www.w3.org\/2000\/svg\" viewbox=\"0 0 27 32\"><path fill=\"#0077b5\" d=\"M6.2 11.2v17.7h-5.9v-17.7h5.9zM6.6 5.7q0 1.3-0.9 2.2t-2.4 0.9h0q-1.5 0-2.4-0.9t-0.9-2.2 0.9-2.2 2.4-0.9 2.4 0.9 0.9 2.2zM27.4 18.7v10.1h-5.9v-9.5q0-1.9-0.7-2.9t-2.3-1.1q-1.1 0-1.9 0.6t-1.2 1.5q-0.2 0.5-0.2 1.4v9.9h-5.9q0-7.1 0-11.6t0-5.3l0-0.9h5.9v2.6h0q0.4-0.6 0.7-1t1-0.9 1.6-0.8 2-0.3q3 0 4.9 2t1.9 6z\"\/><\/svg><\/span><\/a><\/li><li class=\"shariff-button whatsapp shariff-nocustomcolor\" style=\"background-color:#5cbe4a;border-radius:1%\"><a href=\"https:\/\/api.whatsapp.com\/send?text=https%3A%2F%2Fdocbb.de%2Fen%2Fueber-mich%2F%20%C3%9Cber%20mich\" title=\"Share on Whatsapp\" aria-label=\"Share on Whatsapp\" role=\"button\" rel=\"noopener nofollow\" class=\"shariff-link\" style=\";border-radius:1%; background-color:#34af23; color:#fff\" target=\"_blank\"><span class=\"shariff-icon\" style=\"\"><svg width=\"32px\" height=\"20px\" xmlns=\"http:\/\/www.w3.org\/2000\/svg\" viewbox=\"0 0 32 32\"><path fill=\"#34af23\" d=\"M17.6 17.4q0.2 0 1.7 0.8t1.6 0.9q0 0.1 0 0.3 0 0.6-0.3 1.4-0.3 0.7-1.3 1.2t-1.8 0.5q-1 0-3.4-1.1-1.7-0.8-3-2.1t-2.6-3.3q-1.3-1.9-1.3-3.5v-0.1q0.1-1.6 1.3-2.8 0.4-0.4 0.9-0.4 0.1 0 0.3 0t0.3 0q0.3 0 0.5 0.1t0.3 0.5q0.1 0.4 0.6 1.6t0.4 1.3q0 0.4-0.6 1t-0.6 0.8q0 0.1 0.1 0.3 0.6 1.3 1.8 2.4 1 0.9 2.7 1.8 0.2 0.1 0.4 0.1 0.3 0 1-0.9t0.9-0.9zM14 26.9q2.3 0 4.3-0.9t3.6-2.4 2.4-3.6 0.9-4.3-0.9-4.3-2.4-3.6-3.6-2.4-4.3-0.9-4.3 0.9-3.6 2.4-2.4 3.6-0.9 4.3q0 3.6 2.1 6.6l-1.4 4.2 4.3-1.4q2.8 1.9 6.2 1.9zM14 2.2q2.7 0 5.2 1.1t4.3 2.9 2.9 4.3 1.1 5.2-1.1 5.2-2.9 4.3-4.3 2.9-5.2 1.1q-3.5 0-6.5-1.7l-7.4 2.4 2.4-7.2q-1.9-3.2-1.9-6.9 0-2.7 1.1-5.2t2.9-4.3 4.3-2.9 5.2-1.1z\"\/><\/svg><\/span><\/a><\/li><\/ul><\/div>\n<h2 class=\"wp-block-heading\">Current activities<\/h2>\n\n\n\n<ul class=\"wp-block-list\">\n<li>Since 2020: Head of the Leadership and Operations Department at the Bavarian Police Training Institute<\/li>\n\n\n\n<li>Since 2023: Member of the Editorial Team of the CEPOL Bulletin<\/li>\n\n\n\n<li>Since 2024: Project manager of the research project \"20 years of the Austrian Federal Police\"<\/li>\n\n\n\n<li>Since 2024: Head of the \"Public Order Policing\" module in the \"Master of Science in Policing\" program at the Police Academy of the Netherlands and Canterbury Christ Church University<\/li>\n\n\n\n<li>Since 2024: Certified PERMA-Lead\u00ae consultant<\/li>\n\n\n\n<li>Since 2025: Advanced PERMA-Lead\u00ae Consultant<\/li>\n\n\n\n<li>Since 2026: Professional Scrum Master\u2122, Professional Scrum Project Owner\u2122<\/li>\n<\/ul>\n\n\n\n<h2 class=\"wp-block-heading\">Training \/ Studies<\/h2>\n\n\n\n\n<table id=\"tablepress-3\" class=\"tablepress tablepress-id-3\">\n<tbody>\n<tr class=\"row-1\">\n\t<td class=\"column-1\">Until 1997<\/td><td class=\"column-2\">Abitur at the Karolinen-Gymnasium Rosenheim<\/td>\n<\/tr>\n<tr class=\"row-2\">\n\t<td class=\"column-1\">09\/1997 - 03\/2000<\/td><td class=\"column-2\">Training for the intermediate police service<\/td>\n<\/tr>\n<tr class=\"row-3\">\n\t<td class=\"column-1\">03\/2002 - 08\/2004<\/td><td class=\"column-2\">Studied at the Fachhochschule f\u00fcr \u00f6ffentliche Verwaltung und Rechtspflege, Fachbereich Polizei, in F\u00fcrstenfeldbruck; graduated as Diplom-Verwaltungswirt (FH).<\/td>\n<\/tr>\n<tr class=\"row-4\">\n\t<td class=\"column-1\">01\/2008 - 05\/2010<\/td><td class=\"column-2\">Master's degree in Criminology and Police Science at the Ruhr University Bochum (ECTS A). Master's thesis: \"BRD operational units in other European countries. An analysis of foreign deployments of closed units based on the deployment of German riot police units at the UEFA European Football Championship 2008 in Austria.\"<\/td>\n<\/tr>\n<tr class=\"row-5\">\n\t<td class=\"column-1\">10\/2011 - 09\/2013<\/td><td class=\"column-2\">Master's degree program \"Public Administration - Police Management\" at the German Police University (ECTS A). Master's thesis: <a href=\"http:\/\/www.grin.com\/en\/e-book\/303297\/the-austrian-human-rights-advisory-board\" target=\"_blank\" rel=\"alternate noopener noreferrer\">\"The Austrian Human Rights Advisory Board. A tool to prevent the unethical use of police powers under the light of restorative justice principles.\"<\/a><\/td>\n<\/tr>\n<tr class=\"row-6\">\n\t<td class=\"column-1\">10\/2013<\/td><td class=\"column-2\">Further training as a trainer for scenario-based learning \/ leadership communication training at the German Police University<\/td>\n<\/tr>\n<tr class=\"row-7\">\n\t<td class=\"column-1\">09\/2015<\/td><td class=\"column-2\">Doctorate (Dr. rer. publ.) on <a href=\"http:\/\/www.amazon.de\/gp\/product\/3866764286\/ref=as_li_tl?ie=UTF8&amp;camp=1638&amp;creative=19454&amp;creativeASIN=3866764286&amp;linkCode=as2&amp;tag=wwwpolicerese-21\" target=\"_blank\" rel=\"nofollow sponsored noopener\">\"Working time models for the police patrol service. An interdisciplinary analysis using the example of the Bavarian police.\"<\/a><\/td>\n<\/tr>\n<tr class=\"row-8\">\n\t<td class=\"column-1\">01\/2018<\/td><td class=\"column-2\">Further training as a management trainer for the Bavarian police at BPFI Ainring<\/td>\n<\/tr>\n<tr class=\"row-9\">\n\t<td class=\"column-1\">09\/2024<\/td><td class=\"column-2\">Qualification as PERMA Lead Consultant<\/td>\n<\/tr>\n<\/tbody>\n<\/table>\n<!-- #tablepress-3 from cache -->\n\n\n\n<p><\/p>\n\n\n\n<h3 class=\"wp-block-heading\">Research and knowledge areas<\/h3>\n\n\n\n<p><strong>Generations<\/strong>, especially generations Z and Y.\nWhat are the characteristics of these generations, do they really exist as\n \"Generation XYZ\" and what opportunities and challenges they bring to\nthey bring for organizations.<\/p>\n\n\n\n<p><strong>Management topics<\/strong>: I have been working as a\nleadership trainer at the German Police University and\nas a leadership trainer in Bavaria since 2018. In doing so, I benefit\n also benefit from my practical experience as a manager in\nvarious functions, but I am constantly trying to broaden my horizons\nnew concepts and approaches for myself or rediscover old ideas.\nrediscover old ideas.<\/p>\n\n\n\n<p><strong>Ergonomics<\/strong>, in particular\n(EU) working time and occupational health and safety law, findings on the\nthe humane design of shift work and organizational\norganizational psychological aspects of shift work.<\/p>\n\n\n\n<p> <strong>Mass psychology<\/strong>: What exactly happens when large numbers of people gather, what is the difference between a physical and psychological crowd, what is solidarity and what role do the security authorities play in these processes? There are also aspects of phenomenology, criminology, strategy and operational tactics. <\/p>\n\n\n\n<p><strong>Deployment management: <\/strong>For over 20 years, I have been involved full-time in dealing with emergency situations, more than 15 years of which have been spent in various management and leadership roles. This activity has also inspired me to become scientifically active, to put these many experiences into context and to reflect on them. This resulted in my first master's thesis, then my second and finally a doctoral thesis. Of course, my intensive involvement with the topic of \"mass psychology\" is also a direct result of this professional curiosity.<\/p>\n<p><aside class=\"affiliate-marker-disclosure\">* This is a paid link, which means I get a commission if the book is purchased via the link. With this you support my research and work - thank you very much!<\/aside><\/p>","protected":false},"excerpt":{"rendered":"<p>Current activities Training \/ studies Research and knowledge areas Generations, especially generations Z and Y. What are the characteristics of these generations, do they really exist as \"Generation XYZ\" and what opportunities and challenges do they bring for organizations? Leadership topics: I have been working as a leadership trainer at the German Police University since 2013 and ... <\/p>\n<p class=\"link-more\"><a href=\"https:\/\/docbb.de\/en\/ueber-mich\/\" class=\"more-link\">Continue reading<span class=\"screen-reader-text\"> \"About me\"<\/span><\/a><\/p>","protected":false},"author":1,"featured_media":0,"parent":0,"menu_order":0,"comment_status":"closed","ping_status":"closed","template":"","meta":{"_uag_custom_page_level_css":"","_metis_text_type":"standard","_metis_text_length":4044,"_post_count":0,"footnotes":""},"class_list":["post-200","page","type-page","status-publish","hentry"],"yoast_head":"<!-- This site is optimized with the Yoast SEO plugin v27.3 - https:\/\/yoast.com\/product\/yoast-seo-wordpress\/ -->\n<title>\u00dcber mich - Dr. Bernd B\u00fcrger<\/title>\n<meta name=\"description\" content=\"Aktuelle T\u00e4tigkeiten, Ausbildung und Studium sowie Informationen zu den Forschungs- und Wissensgebieten.\" \/>\n<meta name=\"robots\" content=\"index, follow, max-snippet:-1, max-image-preview:large, max-video-preview:-1\" \/>\n<link rel=\"canonical\" href=\"https:\/\/docbb.de\/en\/ueber-mich\/\" \/>\n<meta property=\"og:locale\" content=\"en_US\" \/>\n<meta property=\"og:type\" content=\"article\" \/>\n<meta property=\"og:title\" content=\"\u00dcber mich - Dr. Bernd B\u00fcrger\" \/>\n<meta property=\"og:description\" content=\"Aktuelle T\u00e4tigkeiten, Ausbildung und Studium sowie Informationen zu den Forschungs- und Wissensgebieten.\" \/>\n<meta property=\"og:url\" content=\"https:\/\/docbb.de\/en\/ueber-mich\/\" \/>\n<meta property=\"og:site_name\" content=\"Dr. Bernd B\u00fcrger\" \/>\n<meta property=\"article:publisher\" content=\"https:\/\/facebook.com\/bernd.buerger\" \/>\n<meta property=\"article:modified_time\" content=\"2026-02-02T14:59:20+00:00\" \/>\n<meta property=\"og:image\" content=\"https:\/\/docbb.de\/wp-content\/uploads\/2025\/05\/drberndbuerger.avif\" \/>\n\t<meta property=\"og:image:width\" content=\"2000\" \/>\n\t<meta property=\"og:image:height\" content=\"1200\" \/>\n\t<meta property=\"og:image:type\" content=\"image\/jpeg\" \/>\n<meta name=\"twitter:card\" content=\"summary_large_image\" \/>\n<meta name=\"twitter:label1\" content=\"Est. reading time\" \/>\n\t<meta name=\"twitter:data1\" content=\"2 minutes\" \/>\n<script type=\"application\/ld+json\" class=\"yoast-schema-graph\">{\"@context\":\"https:\\\/\\\/schema.org\",\"@graph\":[{\"@type\":\"WebPage\",\"@id\":\"https:\\\/\\\/docbb.de\\\/ueber-mich\\\/\",\"url\":\"https:\\\/\\\/docbb.de\\\/ueber-mich\\\/\",\"name\":\"\u00dcber mich - Dr. Bernd B\u00fcrger\",\"isPartOf\":{\"@id\":\"https:\\\/\\\/docbb.de\\\/#website\"},\"datePublished\":\"2020-03-09T08:06:21+00:00\",\"dateModified\":\"2026-02-02T14:59:20+00:00\",\"description\":\"Aktuelle T\u00e4tigkeiten, Ausbildung und Studium sowie Informationen zu den Forschungs- und Wissensgebieten.\",\"breadcrumb\":{\"@id\":\"https:\\\/\\\/docbb.de\\\/ueber-mich\\\/#breadcrumb\"},\"inLanguage\":\"en-US\",\"potentialAction\":[{\"@type\":\"ReadAction\",\"target\":[\"https:\\\/\\\/docbb.de\\\/ueber-mich\\\/\"]}]},{\"@type\":\"BreadcrumbList\",\"@id\":\"https:\\\/\\\/docbb.de\\\/ueber-mich\\\/#breadcrumb\",\"itemListElement\":[{\"@type\":\"ListItem\",\"position\":1,\"name\":\"Startseite\",\"item\":\"https:\\\/\\\/docbb.de\\\/\"},{\"@type\":\"ListItem\",\"position\":2,\"name\":\"\u00dcber mich\"}]},{\"@type\":\"WebSite\",\"@id\":\"https:\\\/\\\/docbb.de\\\/#website\",\"url\":\"https:\\\/\\\/docbb.de\\\/\",\"name\":\"Dr. Bernd B\u00fcrger\",\"description\":\"Wissenschaft &amp; mehr. Zertifizierter Advanced PERMA-Lead Consultant\",\"publisher\":{\"@id\":\"https:\\\/\\\/docbb.de\\\/#organization\"},\"potentialAction\":[{\"@type\":\"SearchAction\",\"target\":{\"@type\":\"EntryPoint\",\"urlTemplate\":\"https:\\\/\\\/docbb.de\\\/?s={search_term_string}\"},\"query-input\":{\"@type\":\"PropertyValueSpecification\",\"valueRequired\":true,\"valueName\":\"search_term_string\"}}],\"inLanguage\":\"en-US\"},{\"@type\":\"Organization\",\"@id\":\"https:\\\/\\\/docbb.de\\\/#organization\",\"name\":\"Dr. Bernd B\u00fcrger\",\"url\":\"https:\\\/\\\/docbb.de\\\/\",\"logo\":{\"@type\":\"ImageObject\",\"inLanguage\":\"en-US\",\"@id\":\"https:\\\/\\\/docbb.de\\\/#\\\/schema\\\/logo\\\/image\\\/\",\"url\":\"https:\\\/\\\/docbb.de\\\/wp-content\\\/uploads\\\/2024\\\/09\\\/cropped-cropped-pr.png\",\"contentUrl\":\"https:\\\/\\\/docbb.de\\\/wp-content\\\/uploads\\\/2024\\\/09\\\/cropped-cropped-pr.png\",\"width\":512,\"height\":512,\"caption\":\"Dr. Bernd B\u00fcrger\"},\"image\":{\"@id\":\"https:\\\/\\\/docbb.de\\\/#\\\/schema\\\/logo\\\/image\\\/\"},\"sameAs\":[\"https:\\\/\\\/facebook.com\\\/bernd.buerger\",\"https:\\\/\\\/www.instagram.com\\\/dr.bernd.buerger\\\/\",\"https:\\\/\\\/www.linkedin.com\\\/in\\\/docbb\\\/\"]}]}<\/script>\n<!-- \/ Yoast SEO plugin. -->","yoast_head_json":{"title":"About me - Dr. Bernd B\u00fcrger","description":"Current activities, training and studies as well as information on the research and knowledge areas.","robots":{"index":"index","follow":"follow","max-snippet":"max-snippet:-1","max-image-preview":"max-image-preview:large","max-video-preview":"max-video-preview:-1"},"canonical":"https:\/\/docbb.de\/en\/ueber-mich\/","og_locale":"en_US","og_type":"article","og_title":"\u00dcber mich - Dr. Bernd B\u00fcrger","og_description":"Aktuelle T\u00e4tigkeiten, Ausbildung und Studium sowie Informationen zu den Forschungs- und Wissensgebieten.","og_url":"https:\/\/docbb.de\/en\/ueber-mich\/","og_site_name":"Dr. Bernd B\u00fcrger","article_publisher":"https:\/\/facebook.com\/bernd.buerger","article_modified_time":"2026-02-02T14:59:20+00:00","og_image":[{"width":2000,"height":1200,"url":"https:\/\/docbb.de\/wp-content\/uploads\/2025\/05\/drberndbuerger.avif","type":"image\/jpeg"}],"twitter_card":"summary_large_image","twitter_misc":{"Est. reading time":"2 minutes"},"schema":{"@context":"https:\/\/schema.org","@graph":[{"@type":"WebPage","@id":"https:\/\/docbb.de\/ueber-mich\/","url":"https:\/\/docbb.de\/ueber-mich\/","name":"About me - Dr. Bernd B\u00fcrger","isPartOf":{"@id":"https:\/\/docbb.de\/#website"},"datePublished":"2020-03-09T08:06:21+00:00","dateModified":"2026-02-02T14:59:20+00:00","description":"Current activities, training and studies as well as information on the research and knowledge areas.","breadcrumb":{"@id":"https:\/\/docbb.de\/ueber-mich\/#breadcrumb"},"inLanguage":"en-US","potentialAction":[{"@type":"ReadAction","target":["https:\/\/docbb.de\/ueber-mich\/"]}]},{"@type":"BreadcrumbList","@id":"https:\/\/docbb.de\/ueber-mich\/#breadcrumb","itemListElement":[{"@type":"ListItem","position":1,"name":"Startseite","item":"https:\/\/docbb.de\/"},{"@type":"ListItem","position":2,"name":"\u00dcber mich"}]},{"@type":"WebSite","@id":"https:\/\/docbb.de\/#website","url":"https:\/\/docbb.de\/","name":"Dr. Bernd B\u00fcrger","description":"Science &amp; more. Certified Advanced PERMA Lead Consultant","publisher":{"@id":"https:\/\/docbb.de\/#organization"},"potentialAction":[{"@type":"SearchAction","target":{"@type":"EntryPoint","urlTemplate":"https:\/\/docbb.de\/?s={search_term_string}"},"query-input":{"@type":"PropertyValueSpecification","valueRequired":true,"valueName":"search_term_string"}}],"inLanguage":"en-US"},{"@type":"Organization","@id":"https:\/\/docbb.de\/#organization","name":"Dr. Bernd B\u00fcrger","url":"https:\/\/docbb.de\/","logo":{"@type":"ImageObject","inLanguage":"en-US","@id":"https:\/\/docbb.de\/#\/schema\/logo\/image\/","url":"https:\/\/docbb.de\/wp-content\/uploads\/2024\/09\/cropped-cropped-pr.png","contentUrl":"https:\/\/docbb.de\/wp-content\/uploads\/2024\/09\/cropped-cropped-pr.png","width":512,"height":512,"caption":"Dr. Bernd B\u00fcrger"},"image":{"@id":"https:\/\/docbb.de\/#\/schema\/logo\/image\/"},"sameAs":["https:\/\/facebook.com\/bernd.buerger","https:\/\/www.instagram.com\/dr.bernd.buerger\/","https:\/\/www.linkedin.com\/in\/docbb\/"]}]}},"uagb_featured_image_src":{"full":false,"thumbnail":false,"medium":false,"medium_large":false,"large":false,"1536x1536":false,"2048x2048":false,"trp-custom-language-flag":false,"twentyseventeen-featured-image":false,"twentyseventeen-thumbnail-avatar":false},"uagb_author_info":{"display_name":"Dr. Bernd B\u00fcrger","author_link":"https:\/\/docbb.de\/en\/author\/docadmin\/"},"uagb_comment_info":0,"uagb_excerpt":"Aktuelle T\u00e4tigkeiten Ausbildung \/ Studium Forschungs- und Wissengebiete Generationen, speziell die Generationen Z und Y. Welche Merkmale haben diese Generationen, gibt es sie denn wirklich als \u201edie Generation XYZ\u201c und welche Chancen und Herausforderungen bringen sie f\u00fcr Organisationen mit sich. F\u00fchrungsthemen: ich bin seit 2013 als F\u00fchrungskr\u00e4ftetrainer an der Deutschen Hochschule der Polizei t\u00e4tig und&hellip;","public_identification_id":"db55265db1cc457d9d1b52f6897061bb","private_identification_id":"63d4000b8ccd4351ab8509d502d6724a","_links":{"self":[{"href":"https:\/\/docbb.de\/en\/wp-json\/wp\/v2\/pages\/200","targetHints":{"allow":["GET"]}}],"collection":[{"href":"https:\/\/docbb.de\/en\/wp-json\/wp\/v2\/pages"}],"about":[{"href":"https:\/\/docbb.de\/en\/wp-json\/wp\/v2\/types\/page"}],"author":[{"embeddable":true,"href":"https:\/\/docbb.de\/en\/wp-json\/wp\/v2\/users\/1"}],"replies":[{"embeddable":true,"href":"https:\/\/docbb.de\/en\/wp-json\/wp\/v2\/comments?post=200"}],"version-history":[{"count":15,"href":"https:\/\/docbb.de\/en\/wp-json\/wp\/v2\/pages\/200\/revisions"}],"predecessor-version":[{"id":2556,"href":"https:\/\/docbb.de\/en\/wp-json\/wp\/v2\/pages\/200\/revisions\/2556"}],"wp:attachment":[{"href":"https:\/\/docbb.de\/en\/wp-json\/wp\/v2\/media?parent=200"}],"curies":[{"name":"wp","href":"https:\/\/api.w.org\/{rel}","templated":true}]}}