{"id":200,"date":"2020-03-09T08:06:21","date_gmt":"2020-03-09T08:06:21","guid":{"rendered":"http:\/\/docbb.de\/?page_id=200"},"modified":"2026-02-02T15:59:20","modified_gmt":"2026-02-02T14:59:20","slug":"ueber-mich","status":"publish","type":"page","link":"https:\/\/docbb.de\/de\/ueber-mich\/","title":{"rendered":"\u00dcber mich"},"content":{"rendered":"<div class=\"shariff shariff-align-left shariff-widget-align-left\" style=\"display:none\" data-services=\"facebook\" data-url=\"https:\/\/docbb.de\/de\/ueber-mich\/\" data-timestamp=\"1770047960\" data-backendurl=\"https:\/\/docbb.de\/de\/wp-json\/shariff\/v1\/share_counts?\"><ul class=\"shariff-buttons theme-round orientation-horizontal buttonsize-small\"><li class=\"shariff-button printer shariff-nocustomcolor\" style=\"background-color:#a8a8a8;border-radius:1%\"><a href=\"javascript:window.print()\" title=\"drucken\" aria-label=\"drucken\" role=\"button\" rel=\"noopener nofollow\" class=\"shariff-link\" style=\";border-radius:1%; background-color:#999; color:#fff\"><span class=\"shariff-icon\" style=\"\"><svg width=\"32px\" height=\"20px\" xmlns=\"http:\/\/www.w3.org\/2000\/svg\" viewBox=\"0 0 30 32\"><path fill=\"#999\" d=\"M6.8 27.4h16v-4.6h-16v4.6zM6.8 16h16v-6.8h-2.8q-0.7 0-1.2-0.5t-0.5-1.2v-2.8h-11.4v11.4zM27.4 17.2q0-0.5-0.3-0.8t-0.8-0.4-0.8 0.4-0.3 0.8 0.3 0.8 0.8 0.3 0.8-0.3 0.3-0.8zM29.7 17.2v7.4q0 0.2-0.2 0.4t-0.4 0.2h-4v2.8q0 0.7-0.5 1.2t-1.2 0.5h-17.2q-0.7 0-1.2-0.5t-0.5-1.2v-2.8h-4q-0.2 0-0.4-0.2t-0.2-0.4v-7.4q0-1.4 1-2.4t2.4-1h1.2v-9.7q0-0.7 0.5-1.2t1.2-0.5h12q0.7 0 1.6 0.4t1.3 0.8l2.7 2.7q0.5 0.5 0.9 1.4t0.4 1.6v4.6h1.1q1.4 0 2.4 1t1 2.4z\"\/><\/svg><\/span><\/a><\/li><li class=\"shariff-button facebook shariff-nocustomcolor\" style=\"background-color:#4273c8;border-radius:1%\"><a href=\"https:\/\/www.facebook.com\/sharer\/sharer.php?u=https%3A%2F%2Fdocbb.de%2Fde%2Fueber-mich%2F\" title=\"Bei Facebook teilen\" aria-label=\"Bei Facebook teilen\" role=\"button\" rel=\"nofollow\" class=\"shariff-link\" style=\";border-radius:1%; background-color:#3b5998; color:#fff\" target=\"_blank\"><span class=\"shariff-icon\" style=\"\"><svg width=\"32px\" height=\"20px\" xmlns=\"http:\/\/www.w3.org\/2000\/svg\" viewBox=\"0 0 18 32\"><path fill=\"#3b5998\" d=\"M17.1 0.2v4.7h-2.8q-1.5 0-2.1 0.6t-0.5 1.9v3.4h5.2l-0.7 5.3h-4.5v13.6h-5.5v-13.6h-4.5v-5.3h4.5v-3.9q0-3.3 1.9-5.2t5-1.8q2.6 0 4.1 0.2z\"\/><\/svg><\/span><\/a><\/li><li class=\"shariff-button twitter shariff-nocustomcolor\" style=\"background-color:#595959;border-radius:1%\"><a href=\"https:\/\/twitter.com\/share?url=https%3A%2F%2Fdocbb.de%2Fde%2Fueber-mich%2F&text=%C3%9Cber%20mich\" title=\"Bei X teilen\" aria-label=\"Bei X teilen\" role=\"button\" rel=\"noopener nofollow\" class=\"shariff-link\" style=\";border-radius:1%; background-color:#000; color:#fff\" target=\"_blank\"><span class=\"shariff-icon\" style=\"\"><svg width=\"32px\" height=\"20px\" xmlns=\"http:\/\/www.w3.org\/2000\/svg\" viewBox=\"0 0 24 24\"><path fill=\"#000\" d=\"M14.258 10.152L23.176 0h-2.113l-7.747 8.813L7.133 0H0l9.352 13.328L0 23.973h2.113l8.176-9.309 6.531 9.309h7.133zm-2.895 3.293l-.949-1.328L2.875 1.56h3.246l6.086 8.523.945 1.328 7.91 11.078h-3.246zm0 0\"\/><\/svg><\/span><\/a><\/li><li class=\"shariff-button linkedin shariff-nocustomcolor\" style=\"background-color:#1488bf;border-radius:1%\"><a href=\"https:\/\/www.linkedin.com\/sharing\/share-offsite\/?url=https%3A%2F%2Fdocbb.de%2Fde%2Fueber-mich%2F\" title=\"Bei LinkedIn teilen\" aria-label=\"Bei LinkedIn teilen\" role=\"button\" rel=\"noopener nofollow\" class=\"shariff-link\" style=\";border-radius:1%; background-color:#0077b5; color:#fff\" target=\"_blank\"><span class=\"shariff-icon\" style=\"\"><svg width=\"32px\" height=\"20px\" xmlns=\"http:\/\/www.w3.org\/2000\/svg\" viewBox=\"0 0 27 32\"><path fill=\"#0077b5\" d=\"M6.2 11.2v17.7h-5.9v-17.7h5.9zM6.6 5.7q0 1.3-0.9 2.2t-2.4 0.9h0q-1.5 0-2.4-0.9t-0.9-2.2 0.9-2.2 2.4-0.9 2.4 0.9 0.9 2.2zM27.4 18.7v10.1h-5.9v-9.5q0-1.9-0.7-2.9t-2.3-1.1q-1.1 0-1.9 0.6t-1.2 1.5q-0.2 0.5-0.2 1.4v9.9h-5.9q0-7.1 0-11.6t0-5.3l0-0.9h5.9v2.6h0q0.4-0.6 0.7-1t1-0.9 1.6-0.8 2-0.3q3 0 4.9 2t1.9 6z\"\/><\/svg><\/span><\/a><\/li><li class=\"shariff-button whatsapp shariff-nocustomcolor\" style=\"background-color:#5cbe4a;border-radius:1%\"><a href=\"https:\/\/api.whatsapp.com\/send?text=https%3A%2F%2Fdocbb.de%2Fde%2Fueber-mich%2F%20%C3%9Cber%20mich\" title=\"Bei Whatsapp teilen\" aria-label=\"Bei Whatsapp teilen\" role=\"button\" rel=\"noopener nofollow\" class=\"shariff-link\" style=\";border-radius:1%; background-color:#34af23; color:#fff\" target=\"_blank\"><span class=\"shariff-icon\" style=\"\"><svg width=\"32px\" height=\"20px\" xmlns=\"http:\/\/www.w3.org\/2000\/svg\" viewBox=\"0 0 32 32\"><path fill=\"#34af23\" d=\"M17.6 17.4q0.2 0 1.7 0.8t1.6 0.9q0 0.1 0 0.3 0 0.6-0.3 1.4-0.3 0.7-1.3 1.2t-1.8 0.5q-1 0-3.4-1.1-1.7-0.8-3-2.1t-2.6-3.3q-1.3-1.9-1.3-3.5v-0.1q0.1-1.6 1.3-2.8 0.4-0.4 0.9-0.4 0.1 0 0.3 0t0.3 0q0.3 0 0.5 0.1t0.3 0.5q0.1 0.4 0.6 1.6t0.4 1.3q0 0.4-0.6 1t-0.6 0.8q0 0.1 0.1 0.3 0.6 1.3 1.8 2.4 1 0.9 2.7 1.8 0.2 0.1 0.4 0.1 0.3 0 1-0.9t0.9-0.9zM14 26.9q2.3 0 4.3-0.9t3.6-2.4 2.4-3.6 0.9-4.3-0.9-4.3-2.4-3.6-3.6-2.4-4.3-0.9-4.3 0.9-3.6 2.4-2.4 3.6-0.9 4.3q0 3.6 2.1 6.6l-1.4 4.2 4.3-1.4q2.8 1.9 6.2 1.9zM14 2.2q2.7 0 5.2 1.1t4.3 2.9 2.9 4.3 1.1 5.2-1.1 5.2-2.9 4.3-4.3 2.9-5.2 1.1q-3.5 0-6.5-1.7l-7.4 2.4 2.4-7.2q-1.9-3.2-1.9-6.9 0-2.7 1.1-5.2t2.9-4.3 4.3-2.9 5.2-1.1z\"\/><\/svg><\/span><\/a><\/li><\/ul><\/div>\n<h2 class=\"wp-block-heading\">Aktuelle T\u00e4tigkeiten<\/h2>\n\n\n\n<ul class=\"wp-block-list\">\n<li>Seit 2020: Leiter des Fachbereichs F\u00fchrung und Einsatz am Fortbildungsinstitut der Bayerischen Polizei<\/li>\n\n\n\n<li>Seit 2023: Mitglied des Editorial Teams des CEPOL Bulletin<\/li>\n\n\n\n<li>Seit 2024: Projektleiter des Forschungsprojekts &#8222;20 Jahre Bundespolizei \u00d6sterreich&#8220;<\/li>\n\n\n\n<li>Seit 2024: Leiter des Moduls &#8222;Public Order Policing&#8220; im Studiengang &#8222;Master of Science in Policing&#8220; der Polizeiakademie der Niederlande und der Canterbury Christ Church Universit\u00e4t<\/li>\n\n\n\n<li>Seit 2024: Zertifizierter PERMA-Lead\u00ae Berater<\/li>\n\n\n\n<li>Seit 2025: Advanced PERMA-Lead\u00ae Consultant<\/li>\n\n\n\n<li>Seit 2026: Professional Scrum Master\u2122, Professional Scrum Project Owner\u2122<\/li>\n<\/ul>\n\n\n\n<h2 class=\"wp-block-heading\">Ausbildung \/ Studium<\/h2>\n\n\n\n\n<table id=\"tablepress-3\" class=\"tablepress tablepress-id-3\">\n<tbody>\n<tr class=\"row-1\">\n\t<td class=\"column-1\">Bis 1997<\/td><td class=\"column-2\">Abitur am Karolinen-Gymnasium Rosenheim<\/td>\n<\/tr>\n<tr class=\"row-2\">\n\t<td class=\"column-1\">09\/1997 - 03\/2000<\/td><td class=\"column-2\">Ausbildung f\u00fcr den mittleren Polizeivollzugsdienst<\/td>\n<\/tr>\n<tr class=\"row-3\">\n\t<td class=\"column-1\">03\/2002 - 08\/2004<\/td><td class=\"column-2\">Studium an der Fachhochschule f\u00fcr \u00f6ffentliche Verwaltung und Rechtspflege, Fachbereich Polizei, in F\u00fcrstenfeldbruck; Abschluss als Diplom-Verwaltungswirt (FH).<\/td>\n<\/tr>\n<tr class=\"row-4\">\n\t<td class=\"column-1\">01\/2008 - 05\/2010<\/td><td class=\"column-2\">Masterstudiengang Kriminologie und Polizeiwissenschaften an der Ruhr-Universit\u00e4t Bochum (ECTS A). Masterarbeit: \u201eEinsatzeinheiten der BRD im europ\u00e4ischen Ausland. Eine Analyse von Auslandseins\u00e4tzen geschlossener Einheiten anhand des Einsatzes deutscher Bereitschaftspolizeieinheiten bei der UEFA Fu\u00dfball-Europameisterschaft 2008 in \u00d6sterreich.\u201c<\/td>\n<\/tr>\n<tr class=\"row-5\">\n\t<td class=\"column-1\">10\/2011 - 09\/2013<\/td><td class=\"column-2\">Masterstudiengang \u201e\u00d6ffentliche Verwaltung \u2013 Polizeimanagement\u201c an der Deutschen Hochschule der Polizei (ECTS A). Masterarbeit: <a href=\"http:\/\/www.grin.com\/en\/e-book\/303297\/the-austrian-human-rights-advisory-board\" target=\"_blank\" rel=\"alternate noopener noreferrer\">\u201eThe Austrian Human Rights Advisory Board. A tool to prevent the unethical use of police powers under the light of restorative justice principles.\u201c<\/a><\/td>\n<\/tr>\n<tr class=\"row-6\">\n\t<td class=\"column-1\">10\/2013<\/td><td class=\"column-2\">Fortbildung zum Trainer f\u00fcr szenariobasiertes Lernen \/ F\u00fchrungskommunikationstraining an der Deutschen Hochschule der Polizei<\/td>\n<\/tr>\n<tr class=\"row-7\">\n\t<td class=\"column-1\">09\/2015<\/td><td class=\"column-2\">Promotion zum Dr. rer. publ. \u00fcber <a href=\"http:\/\/www.amazon.de\/gp\/product\/3866764286\/ref=as_li_tl?ie=UTF8&amp;camp=1638&amp;creative=19454&amp;creativeASIN=3866764286&amp;linkCode=as2&amp;tag=wwwpolicerese-21\" target=\"_blank\" rel=\"nofollow sponsored noopener\">\"Arbeitszeitmodelle f\u00fcr den Streifendienst der Polizei. Eine interdisziplin\u00e4re Analyse am Beispiel der bayerischen Polizei.\"<\/a><\/td>\n<\/tr>\n<tr class=\"row-8\">\n\t<td class=\"column-1\">01\/2018<\/td><td class=\"column-2\">Fortbildung zum F\u00fchrungskr\u00e4ftetrainer der Bayerischen Polizei am BPFI Ainring<\/td>\n<\/tr>\n<tr class=\"row-9\">\n\t<td class=\"column-1\">09\/2024<\/td><td class=\"column-2\">Qualifizierung zum PERMA-Lead Berater<\/td>\n<\/tr>\n<\/tbody>\n<\/table>\n\n\n\n\n<p><\/p>\n\n\n\n<h3 class=\"wp-block-heading\">Forschungs- und Wissengebiete<\/h3>\n\n\n\n<p><strong>Generationen<\/strong>,  speziell die Generationen Z und Y. \nWelche Merkmale haben diese  Generationen, gibt es sie denn wirklich als\n \u201edie Generation XYZ\u201c und  welche Chancen und Herausforderungen bringen \nsie f\u00fcr Organisationen mit  sich.<\/p>\n\n\n\n<p><strong>F\u00fchrungsthemen<\/strong>: ich bin seit 2013 als \nF\u00fchrungskr\u00e4ftetrainer an der Deutschen Hochschule der Polizei t\u00e4tig und \nseit 2018 als F\u00fchrungskr\u00e4ftetrainer in Bayern. Dabei profitiere ich zwar\n auch aus meiner praktischen Erfahrung als F\u00fchrungskraft in \nverschiedensten Funktionen, versuche aber st\u00e4ndig meinen Horizont zu \nerweitern, neue Konzepte und Ans\u00e4tze f\u00fcr mich zu bewerten oder alte \nIdeen wiederzuentdecken.<\/p>\n\n\n\n<p><strong>Arbeitswissenschaften<\/strong>, insbesondere \n(EU-)Arbeitszeit- und Arbeitsschutzrecht, Erkenntnisse zur \nmenschengerechten Gestaltung von Schichtarbeit sowie \norganisationspsychologische Aspekte der Schichtarbeit.<\/p>\n\n\n\n<p> <strong>Massenpsychologie<\/strong>: was passiert denn eigentlich  genau, wenn sich viele Menschen versammeln, was ist der Unterschied  zwischen einer physischen und psychologischen Menschenmasse, was ist  Solidarisierung und welche Rolle bei diesen Prozessen haben die  Sicherheitsbeh\u00f6rden? Dazu kommen noch Aspekte der Ph\u00e4nomenologie,  Kriminologie, Strategie und Einsatztaktik. <\/p>\n\n\n\n<p><strong>Einsatzbew\u00e4ltigung: <\/strong>seit \u00fcber 20 Jahren bin ich hauptberuflich mit der Bew\u00e4ltigung von Einsatzlagen befasst, \u00fcber 15 Jahre davon in verschiedensten F\u00fchrungs- und Leitungsfunktionen. Diese T\u00e4tigkeit hat mich auch dazu inspiriert, wissenschaftlich t\u00e4tig zu werden, diese vielen Erfahrungen in einen Kontext zu setzen und zu reflektieren. Dadurch entstand meine erste Masterarbeit, dann die Zweite und schlie\u00dflich eine Doktorarbeit. Selbstverst\u00e4ndlich ist auch meine intensive Besch\u00e4ftigung mit dem  Thema &#8222;Massenpsychologie&#8220; direkter Ausfluss aus dieser berufsbedingten Neugier.<\/p>\n<p><aside class=\"affiliate-marker-disclosure\">* Dies ist ein bezahlter Link, das bedeutet ich bekomme eine Provision, wenn das Buch \u00fcber den Link gekauft wird. Damit unterst\u00fctzt ihr meine Forschung und Arbeit \u2013 vielen Dank daf\u00fcr!<\/aside><\/p>","protected":false},"excerpt":{"rendered":"<p>Aktuelle T\u00e4tigkeiten Ausbildung \/ Studium Forschungs- und Wissengebiete Generationen, speziell die Generationen Z und Y. Welche Merkmale haben diese Generationen, gibt es sie denn wirklich als \u201edie Generation XYZ\u201c und welche Chancen und Herausforderungen bringen sie f\u00fcr Organisationen mit sich. F\u00fchrungsthemen: ich bin seit 2013 als F\u00fchrungskr\u00e4ftetrainer an der Deutschen Hochschule der Polizei t\u00e4tig und &hellip; <\/p>\n<p class=\"link-more\"><a href=\"https:\/\/docbb.de\/de\/ueber-mich\/\" class=\"more-link\"><span class=\"screen-reader-text\">\u201e\u00dcber mich\u201c <\/span>weiterlesen<\/a><\/p>\n","protected":false},"author":1,"featured_media":0,"parent":0,"menu_order":0,"comment_status":"closed","ping_status":"closed","template":"","meta":{"_metis_text_type":"standard","_metis_text_length":4044,"_post_count":0,"footnotes":""},"class_list":["post-200","page","type-page","status-publish","hentry"],"yoast_head":"<!-- This site is optimized with the Yoast SEO plugin v27.4 - https:\/\/yoast.com\/product\/yoast-seo-wordpress\/ -->\n<title>\u00dcber mich - Dr. Bernd B\u00fcrger<\/title>\n<meta name=\"description\" content=\"Aktuelle T\u00e4tigkeiten, Ausbildung und Studium sowie Informationen zu den Forschungs- und Wissensgebieten.\" \/>\n<meta name=\"robots\" content=\"index, follow, max-snippet:-1, max-image-preview:large, max-video-preview:-1\" \/>\n<link rel=\"canonical\" href=\"https:\/\/docbb.de\/de\/ueber-mich\/\" \/>\n<meta property=\"og:locale\" content=\"de_DE\" \/>\n<meta property=\"og:type\" content=\"article\" \/>\n<meta property=\"og:title\" content=\"\u00dcber mich - Dr. Bernd B\u00fcrger\" \/>\n<meta property=\"og:description\" content=\"Aktuelle T\u00e4tigkeiten, Ausbildung und Studium sowie Informationen zu den Forschungs- und Wissensgebieten.\" \/>\n<meta property=\"og:url\" content=\"https:\/\/docbb.de\/de\/ueber-mich\/\" \/>\n<meta property=\"og:site_name\" content=\"Dr. Bernd B\u00fcrger\" \/>\n<meta property=\"article:publisher\" content=\"https:\/\/facebook.com\/bernd.buerger\" \/>\n<meta property=\"article:modified_time\" content=\"2026-02-02T14:59:20+00:00\" \/>\n<meta property=\"og:image\" content=\"https:\/\/docbb.de\/wp-content\/uploads\/2025\/05\/drberndbuerger.avif\" \/>\n\t<meta property=\"og:image:width\" content=\"2000\" \/>\n\t<meta property=\"og:image:height\" content=\"1200\" \/>\n\t<meta property=\"og:image:type\" content=\"image\/jpeg\" \/>\n<meta name=\"twitter:card\" content=\"summary_large_image\" \/>\n<meta name=\"twitter:label1\" content=\"Gesch\u00e4tzte Lesezeit\" \/>\n\t<meta name=\"twitter:data1\" content=\"2\u00a0Minuten\" \/>\n<script type=\"application\/ld+json\" class=\"yoast-schema-graph\">{\"@context\":\"https:\\\/\\\/schema.org\",\"@graph\":[{\"@type\":\"WebPage\",\"@id\":\"https:\\\/\\\/docbb.de\\\/ueber-mich\\\/\",\"url\":\"https:\\\/\\\/docbb.de\\\/ueber-mich\\\/\",\"name\":\"\u00dcber mich - Dr. Bernd B\u00fcrger\",\"isPartOf\":{\"@id\":\"https:\\\/\\\/docbb.de\\\/#website\"},\"datePublished\":\"2020-03-09T08:06:21+00:00\",\"dateModified\":\"2026-02-02T14:59:20+00:00\",\"description\":\"Aktuelle T\u00e4tigkeiten, Ausbildung und Studium sowie Informationen zu den Forschungs- und Wissensgebieten.\",\"breadcrumb\":{\"@id\":\"https:\\\/\\\/docbb.de\\\/ueber-mich\\\/#breadcrumb\"},\"inLanguage\":\"de\",\"potentialAction\":[{\"@type\":\"ReadAction\",\"target\":[\"https:\\\/\\\/docbb.de\\\/ueber-mich\\\/\"]}]},{\"@type\":\"BreadcrumbList\",\"@id\":\"https:\\\/\\\/docbb.de\\\/ueber-mich\\\/#breadcrumb\",\"itemListElement\":[{\"@type\":\"ListItem\",\"position\":1,\"name\":\"Startseite\",\"item\":\"https:\\\/\\\/docbb.de\\\/\"},{\"@type\":\"ListItem\",\"position\":2,\"name\":\"\u00dcber mich\"}]},{\"@type\":\"WebSite\",\"@id\":\"https:\\\/\\\/docbb.de\\\/#website\",\"url\":\"https:\\\/\\\/docbb.de\\\/\",\"name\":\"Dr. Bernd B\u00fcrger\",\"description\":\"Wissenschaft &amp; mehr. Zertifizierter Advanced PERMA-Lead Consultant\",\"publisher\":{\"@id\":\"https:\\\/\\\/docbb.de\\\/#organization\"},\"potentialAction\":[{\"@type\":\"SearchAction\",\"target\":{\"@type\":\"EntryPoint\",\"urlTemplate\":\"https:\\\/\\\/docbb.de\\\/?s={search_term_string}\"},\"query-input\":{\"@type\":\"PropertyValueSpecification\",\"valueRequired\":true,\"valueName\":\"search_term_string\"}}],\"inLanguage\":\"de\"},{\"@type\":\"Organization\",\"@id\":\"https:\\\/\\\/docbb.de\\\/#organization\",\"name\":\"Dr. Bernd B\u00fcrger\",\"url\":\"https:\\\/\\\/docbb.de\\\/\",\"logo\":{\"@type\":\"ImageObject\",\"inLanguage\":\"de\",\"@id\":\"https:\\\/\\\/docbb.de\\\/#\\\/schema\\\/logo\\\/image\\\/\",\"url\":\"https:\\\/\\\/docbb.de\\\/wp-content\\\/uploads\\\/2024\\\/09\\\/cropped-cropped-pr.png\",\"contentUrl\":\"https:\\\/\\\/docbb.de\\\/wp-content\\\/uploads\\\/2024\\\/09\\\/cropped-cropped-pr.png\",\"width\":512,\"height\":512,\"caption\":\"Dr. Bernd B\u00fcrger\"},\"image\":{\"@id\":\"https:\\\/\\\/docbb.de\\\/#\\\/schema\\\/logo\\\/image\\\/\"},\"sameAs\":[\"https:\\\/\\\/facebook.com\\\/bernd.buerger\",\"https:\\\/\\\/www.instagram.com\\\/dr.bernd.buerger\\\/\",\"https:\\\/\\\/www.linkedin.com\\\/in\\\/docbb\\\/\"]}]}<\/script>\n<!-- \/ Yoast SEO plugin. -->","yoast_head_json":{"title":"\u00dcber mich - Dr. Bernd B\u00fcrger","description":"Aktuelle T\u00e4tigkeiten, Ausbildung und Studium sowie Informationen zu den Forschungs- und Wissensgebieten.","robots":{"index":"index","follow":"follow","max-snippet":"max-snippet:-1","max-image-preview":"max-image-preview:large","max-video-preview":"max-video-preview:-1"},"canonical":"https:\/\/docbb.de\/de\/ueber-mich\/","og_locale":"de_DE","og_type":"article","og_title":"\u00dcber mich - Dr. Bernd B\u00fcrger","og_description":"Aktuelle T\u00e4tigkeiten, Ausbildung und Studium sowie Informationen zu den Forschungs- und Wissensgebieten.","og_url":"https:\/\/docbb.de\/de\/ueber-mich\/","og_site_name":"Dr. Bernd B\u00fcrger","article_publisher":"https:\/\/facebook.com\/bernd.buerger","article_modified_time":"2026-02-02T14:59:20+00:00","og_image":[{"width":2000,"height":1200,"url":"https:\/\/docbb.de\/wp-content\/uploads\/2025\/05\/drberndbuerger.avif","type":"image\/jpeg"}],"twitter_card":"summary_large_image","twitter_misc":{"Gesch\u00e4tzte Lesezeit":"2\u00a0Minuten"},"schema":{"@context":"https:\/\/schema.org","@graph":[{"@type":"WebPage","@id":"https:\/\/docbb.de\/ueber-mich\/","url":"https:\/\/docbb.de\/ueber-mich\/","name":"\u00dcber mich - Dr. Bernd B\u00fcrger","isPartOf":{"@id":"https:\/\/docbb.de\/#website"},"datePublished":"2020-03-09T08:06:21+00:00","dateModified":"2026-02-02T14:59:20+00:00","description":"Aktuelle T\u00e4tigkeiten, Ausbildung und Studium sowie Informationen zu den Forschungs- und Wissensgebieten.","breadcrumb":{"@id":"https:\/\/docbb.de\/ueber-mich\/#breadcrumb"},"inLanguage":"de","potentialAction":[{"@type":"ReadAction","target":["https:\/\/docbb.de\/ueber-mich\/"]}]},{"@type":"BreadcrumbList","@id":"https:\/\/docbb.de\/ueber-mich\/#breadcrumb","itemListElement":[{"@type":"ListItem","position":1,"name":"Startseite","item":"https:\/\/docbb.de\/"},{"@type":"ListItem","position":2,"name":"\u00dcber mich"}]},{"@type":"WebSite","@id":"https:\/\/docbb.de\/#website","url":"https:\/\/docbb.de\/","name":"Dr. Bernd B\u00fcrger","description":"Wissenschaft &amp; mehr. Zertifizierter Advanced PERMA-Lead Consultant","publisher":{"@id":"https:\/\/docbb.de\/#organization"},"potentialAction":[{"@type":"SearchAction","target":{"@type":"EntryPoint","urlTemplate":"https:\/\/docbb.de\/?s={search_term_string}"},"query-input":{"@type":"PropertyValueSpecification","valueRequired":true,"valueName":"search_term_string"}}],"inLanguage":"de"},{"@type":"Organization","@id":"https:\/\/docbb.de\/#organization","name":"Dr. Bernd B\u00fcrger","url":"https:\/\/docbb.de\/","logo":{"@type":"ImageObject","inLanguage":"de","@id":"https:\/\/docbb.de\/#\/schema\/logo\/image\/","url":"https:\/\/docbb.de\/wp-content\/uploads\/2024\/09\/cropped-cropped-pr.png","contentUrl":"https:\/\/docbb.de\/wp-content\/uploads\/2024\/09\/cropped-cropped-pr.png","width":512,"height":512,"caption":"Dr. Bernd B\u00fcrger"},"image":{"@id":"https:\/\/docbb.de\/#\/schema\/logo\/image\/"},"sameAs":["https:\/\/facebook.com\/bernd.buerger","https:\/\/www.instagram.com\/dr.bernd.buerger\/","https:\/\/www.linkedin.com\/in\/docbb\/"]}]}},"public_identification_id":"db55265db1cc457d9d1b52f6897061bb","private_identification_id":"63d4000b8ccd4351ab8509d502d6724a","_links":{"self":[{"href":"https:\/\/docbb.de\/de\/wp-json\/wp\/v2\/pages\/200","targetHints":{"allow":["GET"]}}],"collection":[{"href":"https:\/\/docbb.de\/de\/wp-json\/wp\/v2\/pages"}],"about":[{"href":"https:\/\/docbb.de\/de\/wp-json\/wp\/v2\/types\/page"}],"author":[{"embeddable":true,"href":"https:\/\/docbb.de\/de\/wp-json\/wp\/v2\/users\/1"}],"replies":[{"embeddable":true,"href":"https:\/\/docbb.de\/de\/wp-json\/wp\/v2\/comments?post=200"}],"version-history":[{"count":15,"href":"https:\/\/docbb.de\/de\/wp-json\/wp\/v2\/pages\/200\/revisions"}],"predecessor-version":[{"id":2556,"href":"https:\/\/docbb.de\/de\/wp-json\/wp\/v2\/pages\/200\/revisions\/2556"}],"wp:attachment":[{"href":"https:\/\/docbb.de\/de\/wp-json\/wp\/v2\/media?parent=200"}],"curies":[{"name":"wp","href":"https:\/\/api.w.org\/{rel}","templated":true}]}}